{"id":2391,"date":"2025-09-18T13:49:11","date_gmt":"2025-09-18T13:49:11","guid":{"rendered":"https:\/\/v\u00e4ikekopp.ee\/?post_type=product&#038;p=2391"},"modified":"2025-09-18T14:00:08","modified_gmt":"2025-09-18T14:00:08","slug":"graniitkillustik-16-32mm","status":"publish","type":"product","link":"https:\/\/v\u00e4ikekopp.ee\/?product=graniitkillustik-16-32mm","title":{"rendered":"Graniitkillustik 16-32mm"},"content":{"rendered":"<p class=\"p1\"><span class=\"s1\">Graniitkillustik 16\u201332 mm<\/span><\/p>\n<ul>\n<li>\n<p class=\"p1\"><span class=\"s1\">J\u00e4medama fraktsiooniga graniitkillustik, mida kasutatakse peamiselt drenaa\u017eis\u00fcsteemides, tee- ja platsiehituses, koormust taluvates kihtides ning haljastuses.<\/span><\/p>\n<\/li>\n<li>\n<p class=\"p1\"><span class=\"s1\">T\u00e4nu suuremale tera suurusele laseb h\u00e4sti vett l\u00e4bi, sobides ideaalselt drenaa\u017ei- ja filtratsioonikihtidesse.<\/span><\/p>\n<\/li>\n<li>\n<p class=\"p1\"><span class=\"s1\">V\u00e4ga vastupidav ja k\u00fclmakindel materjal, mis tagab pikaajalise stabiilsuse ka ekstreemsetes tingimustes.<\/span><\/p>\n<\/li>\n<\/ul>\n<p>&nbsp;<\/p>\n","protected":false},"excerpt":{"rendered":"<p>Graniitkillustik 16\u201332 mm J\u00e4medama fraktsiooniga graniitkillustik, mida kasutatakse peamiselt drenaa\u017eis\u00fcsteemides, tee- ja platsiehituses, koormust taluvates kihtides ning haljastuses. T\u00e4nu suuremale tera suurusele laseb h\u00e4sti vett l\u00e4bi, sobides ideaalselt drenaa\u017ei- ja filtratsioonikihtidesse. V\u00e4ga vastupidav ja k\u00fclmakindel materjal, mis tagab pikaajalise stabiilsuse&hellip;<\/p>\n","protected":false},"featured_media":2392,"comment_status":"open","ping_status":"closed","template":"","meta":[],"product_brand":[],"product_cat":[122],"product_tag":[123],"class_list":{"0":"post-2391","1":"product","2":"type-product","3":"status-publish","4":"has-post-thumbnail","6":"product_cat-puistematerjalid","7":"product_tag-graniitkillustik","9":"first","10":"instock","11":"shipping-taxable","12":"product-type-simple"},"yoast_head":"<!-- This site is optimized with the Yoast SEO plugin v25.4 - https:\/\/yoast.com\/wordpress\/plugins\/seo\/ -->\n<title>Graniitkillustik 16-32mm<\/title>\n<meta name=\"description\" content=\"graniitkillustik 16-32mm. J\u00e4medama fraktsiooniga graniitkillustik, mida kasutatakse peamiselt drenaa\u017eis\u00fcsteemides, tee- ja platsiehituses, koormust ...\" \/>\n<meta name=\"robots\" content=\"index, follow, max-snippet:-1, max-image-preview:large, max-video-preview:-1\" \/>\n<link rel=\"canonical\" href=\"https:\/\/v\u00e4ikekopp.ee\/?product=graniitkillustik-16-32mm\" \/>\n<meta property=\"og:locale\" content=\"et_EE\" \/>\n<meta property=\"og:type\" content=\"article\" \/>\n<meta property=\"og:title\" content=\"Graniitkillustik 16-32mm\" \/>\n<meta property=\"og:description\" content=\"graniitkillustik 16-32mm. J\u00e4medama fraktsiooniga graniitkillustik, mida kasutatakse peamiselt drenaa\u017eis\u00fcsteemides, tee- ja platsiehituses, koormust ...\" \/>\n<meta property=\"og:url\" content=\"https:\/\/v\u00e4ikekopp.ee\/?product=graniitkillustik-16-32mm\" \/>\n<meta property=\"og:site_name\" content=\"V&auml;ikekopp\" \/>\n<meta property=\"article:modified_time\" content=\"2025-09-18T14:00:08+00:00\" \/>\n<meta property=\"og:image\" content=\"https:\/\/v\u00e4ikekopp.ee\/wp-content\/uploads\/2025\/09\/Image-4.png\" \/>\n\t<meta property=\"og:image:width\" content=\"1010\" \/>\n\t<meta property=\"og:image:height\" content=\"1010\" \/>\n\t<meta property=\"og:image:type\" content=\"image\/png\" \/>\n<meta name=\"twitter:card\" content=\"summary_large_image\" \/>\n<meta name=\"twitter:label1\" content=\"Est. reading time\" \/>\n\t<meta name=\"twitter:data1\" content=\"1 minut\" \/>\n<script type=\"application\/ld+json\" class=\"yoast-schema-graph\">{\"@context\":\"https:\/\/schema.org\",\"@graph\":[{\"@type\":\"WebPage\",\"@id\":\"https:\/\/v\u00e4ikekopp.ee\/?product=graniitkillustik-16-32mm\",\"url\":\"https:\/\/v\u00e4ikekopp.ee\/?product=graniitkillustik-16-32mm\",\"name\":\"Graniitkillustik 16-32mm\",\"isPartOf\":{\"@id\":\"https:\/\/v\u00e4ikekopp.ee\/#website\"},\"primaryImageOfPage\":{\"@id\":\"https:\/\/v\u00e4ikekopp.ee\/?product=graniitkillustik-16-32mm#primaryimage\"},\"image\":{\"@id\":\"https:\/\/v\u00e4ikekopp.ee\/?product=graniitkillustik-16-32mm#primaryimage\"},\"thumbnailUrl\":\"https:\/\/v\u00e4ikekopp.ee\/wp-content\/uploads\/2025\/09\/Image-4.png\",\"datePublished\":\"2025-09-18T13:49:11+00:00\",\"dateModified\":\"2025-09-18T14:00:08+00:00\",\"description\":\"graniitkillustik 16-32mm. J\u00e4medama fraktsiooniga graniitkillustik, mida kasutatakse peamiselt drenaa\u017eis\u00fcsteemides, tee- ja platsiehituses, koormust ...\",\"breadcrumb\":{\"@id\":\"https:\/\/v\u00e4ikekopp.ee\/?product=graniitkillustik-16-32mm#breadcrumb\"},\"inLanguage\":\"et\",\"potentialAction\":[{\"@type\":\"ReadAction\",\"target\":[\"https:\/\/v\u00e4ikekopp.ee\/?product=graniitkillustik-16-32mm\"]}]},{\"@type\":\"ImageObject\",\"inLanguage\":\"et\",\"@id\":\"https:\/\/v\u00e4ikekopp.ee\/?product=graniitkillustik-16-32mm#primaryimage\",\"url\":\"https:\/\/v\u00e4ikekopp.ee\/wp-content\/uploads\/2025\/09\/Image-4.png\",\"contentUrl\":\"https:\/\/v\u00e4ikekopp.ee\/wp-content\/uploads\/2025\/09\/Image-4.png\",\"width\":1010,\"height\":1010,\"caption\":\"graniitkillustik 16-32\"},{\"@type\":\"BreadcrumbList\",\"@id\":\"https:\/\/v\u00e4ikekopp.ee\/?product=graniitkillustik-16-32mm#breadcrumb\",\"itemListElement\":[{\"@type\":\"ListItem\",\"position\":1,\"name\":\"Home\",\"item\":\"https:\/\/v\u00e4ikekopp.ee\/\"},{\"@type\":\"ListItem\",\"position\":2,\"name\":\"Shop\",\"item\":\"https:\/\/v\u00e4ikekopp.ee\/?page_id=6\"},{\"@type\":\"ListItem\",\"position\":3,\"name\":\"Graniitkillustik 16-32mm\"}]},{\"@type\":\"WebSite\",\"@id\":\"https:\/\/v\u00e4ikekopp.ee\/#website\",\"url\":\"https:\/\/v\u00e4ikekopp.ee\/\",\"name\":\"V\u00e4ikekopp\",\"description\":\"v&auml;ikeekskavaator\",\"publisher\":{\"@id\":\"https:\/\/v\u00e4ikekopp.ee\/#organization\"},\"potentialAction\":[{\"@type\":\"SearchAction\",\"target\":{\"@type\":\"EntryPoint\",\"urlTemplate\":\"https:\/\/v\u00e4ikekopp.ee\/?s={search_term_string}\"},\"query-input\":{\"@type\":\"PropertyValueSpecification\",\"valueRequired\":true,\"valueName\":\"search_term_string\"}}],\"inLanguage\":\"et\"},{\"@type\":\"Organization\",\"@id\":\"https:\/\/v\u00e4ikekopp.ee\/#organization\",\"name\":\"V\u00e4ikekopp\",\"url\":\"https:\/\/v\u00e4ikekopp.ee\/\",\"logo\":{\"@type\":\"ImageObject\",\"inLanguage\":\"et\",\"@id\":\"https:\/\/v\u00e4ikekopp.ee\/#\/schema\/logo\/image\/\",\"url\":\"https:\/\/v\u00e4ikekopp.ee\/wp-content\/uploads\/2025\/06\/1-2.png\",\"contentUrl\":\"https:\/\/v\u00e4ikekopp.ee\/wp-content\/uploads\/2025\/06\/1-2.png\",\"width\":2000,\"height\":1400,\"caption\":\"V\u00e4ikekopp\"},\"image\":{\"@id\":\"https:\/\/v\u00e4ikekopp.ee\/#\/schema\/logo\/image\/\"}}]}<\/script>\n<!-- \/ Yoast SEO plugin. -->","yoast_head_json":{"title":"Graniitkillustik 16-32mm","description":"graniitkillustik 16-32mm. J\u00e4medama fraktsiooniga graniitkillustik, mida kasutatakse peamiselt drenaa\u017eis\u00fcsteemides, tee- ja platsiehituses, koormust ...","robots":{"index":"index","follow":"follow","max-snippet":"max-snippet:-1","max-image-preview":"max-image-preview:large","max-video-preview":"max-video-preview:-1"},"canonical":"https:\/\/v\u00e4ikekopp.ee\/?product=graniitkillustik-16-32mm","og_locale":"et_EE","og_type":"article","og_title":"Graniitkillustik 16-32mm","og_description":"graniitkillustik 16-32mm. J\u00e4medama fraktsiooniga graniitkillustik, mida kasutatakse peamiselt drenaa\u017eis\u00fcsteemides, tee- ja platsiehituses, koormust ...","og_url":"https:\/\/v\u00e4ikekopp.ee\/?product=graniitkillustik-16-32mm","og_site_name":"V&auml;ikekopp","article_modified_time":"2025-09-18T14:00:08+00:00","og_image":[{"width":1010,"height":1010,"url":"https:\/\/v\u00e4ikekopp.ee\/wp-content\/uploads\/2025\/09\/Image-4.png","type":"image\/png"}],"twitter_card":"summary_large_image","twitter_misc":{"Est. reading time":"1 minut"},"schema":{"@context":"https:\/\/schema.org","@graph":[{"@type":"WebPage","@id":"https:\/\/v\u00e4ikekopp.ee\/?product=graniitkillustik-16-32mm","url":"https:\/\/v\u00e4ikekopp.ee\/?product=graniitkillustik-16-32mm","name":"Graniitkillustik 16-32mm","isPartOf":{"@id":"https:\/\/v\u00e4ikekopp.ee\/#website"},"primaryImageOfPage":{"@id":"https:\/\/v\u00e4ikekopp.ee\/?product=graniitkillustik-16-32mm#primaryimage"},"image":{"@id":"https:\/\/v\u00e4ikekopp.ee\/?product=graniitkillustik-16-32mm#primaryimage"},"thumbnailUrl":"https:\/\/v\u00e4ikekopp.ee\/wp-content\/uploads\/2025\/09\/Image-4.png","datePublished":"2025-09-18T13:49:11+00:00","dateModified":"2025-09-18T14:00:08+00:00","description":"graniitkillustik 16-32mm. J\u00e4medama fraktsiooniga graniitkillustik, mida kasutatakse peamiselt drenaa\u017eis\u00fcsteemides, tee- ja platsiehituses, koormust ...","breadcrumb":{"@id":"https:\/\/v\u00e4ikekopp.ee\/?product=graniitkillustik-16-32mm#breadcrumb"},"inLanguage":"et","potentialAction":[{"@type":"ReadAction","target":["https:\/\/v\u00e4ikekopp.ee\/?product=graniitkillustik-16-32mm"]}]},{"@type":"ImageObject","inLanguage":"et","@id":"https:\/\/v\u00e4ikekopp.ee\/?product=graniitkillustik-16-32mm#primaryimage","url":"https:\/\/v\u00e4ikekopp.ee\/wp-content\/uploads\/2025\/09\/Image-4.png","contentUrl":"https:\/\/v\u00e4ikekopp.ee\/wp-content\/uploads\/2025\/09\/Image-4.png","width":1010,"height":1010,"caption":"graniitkillustik 16-32"},{"@type":"BreadcrumbList","@id":"https:\/\/v\u00e4ikekopp.ee\/?product=graniitkillustik-16-32mm#breadcrumb","itemListElement":[{"@type":"ListItem","position":1,"name":"Home","item":"https:\/\/v\u00e4ikekopp.ee\/"},{"@type":"ListItem","position":2,"name":"Shop","item":"https:\/\/v\u00e4ikekopp.ee\/?page_id=6"},{"@type":"ListItem","position":3,"name":"Graniitkillustik 16-32mm"}]},{"@type":"WebSite","@id":"https:\/\/v\u00e4ikekopp.ee\/#website","url":"https:\/\/v\u00e4ikekopp.ee\/","name":"V\u00e4ikekopp","description":"v&auml;ikeekskavaator","publisher":{"@id":"https:\/\/v\u00e4ikekopp.ee\/#organization"},"potentialAction":[{"@type":"SearchAction","target":{"@type":"EntryPoint","urlTemplate":"https:\/\/v\u00e4ikekopp.ee\/?s={search_term_string}"},"query-input":{"@type":"PropertyValueSpecification","valueRequired":true,"valueName":"search_term_string"}}],"inLanguage":"et"},{"@type":"Organization","@id":"https:\/\/v\u00e4ikekopp.ee\/#organization","name":"V\u00e4ikekopp","url":"https:\/\/v\u00e4ikekopp.ee\/","logo":{"@type":"ImageObject","inLanguage":"et","@id":"https:\/\/v\u00e4ikekopp.ee\/#\/schema\/logo\/image\/","url":"https:\/\/v\u00e4ikekopp.ee\/wp-content\/uploads\/2025\/06\/1-2.png","contentUrl":"https:\/\/v\u00e4ikekopp.ee\/wp-content\/uploads\/2025\/06\/1-2.png","width":2000,"height":1400,"caption":"V\u00e4ikekopp"},"image":{"@id":"https:\/\/v\u00e4ikekopp.ee\/#\/schema\/logo\/image\/"}}]}},"_links":{"self":[{"href":"https:\/\/v\u00e4ikekopp.ee\/index.php?rest_route=\/wp\/v2\/product\/2391","targetHints":{"allow":["GET"]}}],"collection":[{"href":"https:\/\/v\u00e4ikekopp.ee\/index.php?rest_route=\/wp\/v2\/product"}],"about":[{"href":"https:\/\/v\u00e4ikekopp.ee\/index.php?rest_route=\/wp\/v2\/types\/product"}],"replies":[{"embeddable":true,"href":"https:\/\/v\u00e4ikekopp.ee\/index.php?rest_route=%2Fwp%2Fv2%2Fcomments&post=2391"}],"wp:featuredmedia":[{"embeddable":true,"href":"https:\/\/v\u00e4ikekopp.ee\/index.php?rest_route=\/wp\/v2\/media\/2392"}],"wp:attachment":[{"href":"https:\/\/v\u00e4ikekopp.ee\/index.php?rest_route=%2Fwp%2Fv2%2Fmedia&parent=2391"}],"wp:term":[{"taxonomy":"product_brand","embeddable":true,"href":"https:\/\/v\u00e4ikekopp.ee\/index.php?rest_route=%2Fwp%2Fv2%2Fproduct_brand&post=2391"},{"taxonomy":"product_cat","embeddable":true,"href":"https:\/\/v\u00e4ikekopp.ee\/index.php?rest_route=%2Fwp%2Fv2%2Fproduct_cat&post=2391"},{"taxonomy":"product_tag","embeddable":true,"href":"https:\/\/v\u00e4ikekopp.ee\/index.php?rest_route=%2Fwp%2Fv2%2Fproduct_tag&post=2391"}],"curies":[{"name":"wp","href":"https:\/\/api.w.org\/{rel}","templated":true}]}}