{"id":2374,"date":"2025-09-17T16:46:26","date_gmt":"2025-09-17T16:46:26","guid":{"rendered":"https:\/\/v\u00e4ikekopp.ee\/?post_type=product&#038;p=2374"},"modified":"2026-04-13T17:46:11","modified_gmt":"2026-04-13T17:46:11","slug":"graniitkillustik-0-4mm","status":"publish","type":"product","link":"https:\/\/v\u00e4ikekopp.ee\/?product=graniitkillustik-0-4mm","title":{"rendered":"Graniitkillustik 0-4mm"},"content":{"rendered":"<p class=\"p1\"><span class=\"s1\">Graniitkillustik 0\u20134 mm<\/span><\/p>\n<ul>\n<li>\n<p class=\"p1\"><span class=\"s1\">Peene fraktsiooniga graniitkillustik, mis sobib h\u00e4sti pindade tasandamiseks ja tihendamiseks.<\/span><\/p>\n<\/li>\n<li>\n<p class=\"p1\"><span class=\"s1\">T\u00e4nu graniidi tugevusele ja k\u00fclmakindlusele kasutatakse seda eelk\u00f5ige ehitus- ja teedeehitust\u00f6\u00f6del, betoonisegudes ning sillutise alusp\u00f5hjades.<\/span><\/p>\n<\/li>\n<li>\n<p class=\"p1\"><span class=\"s1\">V\u00f5rreldes paekillustikuga on graniitkillustik kulumis- ja survetugevam, mist\u00f5ttu on see ideaalne kohtades, kus on n\u00f5utav suurem kandev\u00f5ime ja vastupidavus.<\/span><\/p>\n<\/li>\n<\/ul>\n<p>&nbsp;<\/p>\n","protected":false},"excerpt":{"rendered":"<p>Graniitkillustik 0\u20134 mm Peene fraktsiooniga graniitkillustik, mis sobib h\u00e4sti pindade tasandamiseks ja tihendamiseks. T\u00e4nu graniidi tugevusele ja k\u00fclmakindlusele kasutatakse seda eelk\u00f5ige ehitus- ja teedeehitust\u00f6\u00f6del, betoonisegudes ning sillutise alusp\u00f5hjades. V\u00f5rreldes paekillustikuga on graniitkillustik kulumis- ja survetugevam, mist\u00f5ttu on see ideaalne kohtades,&hellip;<\/p>\n","protected":false},"featured_media":2393,"comment_status":"open","ping_status":"closed","template":"","meta":[],"product_brand":[],"product_cat":[122],"product_tag":[123,124],"class_list":{"0":"post-2374","1":"product","2":"type-product","3":"status-publish","4":"has-post-thumbnail","6":"product_cat-puistematerjalid","7":"product_tag-graniitkillustik","8":"product_tag-killustik","10":"first","11":"instock","12":"shipping-taxable","13":"product-type-simple"},"yoast_head":"<!-- This site is optimized with the Yoast SEO plugin v25.4 - https:\/\/yoast.com\/wordpress\/plugins\/seo\/ -->\n<title>Graniitkillustik 0-4mm<\/title>\n<meta name=\"description\" content=\"Graniitkillustik 0\u20134 mm. Peene fraktsiooniga graniitkillustik, mis sobib h\u00e4sti pindade tasandamiseks ja tihendamiseks. T\u00e4nu graniidi tugevusele ja ...\" \/>\n<meta name=\"robots\" content=\"index, follow, max-snippet:-1, max-image-preview:large, max-video-preview:-1\" \/>\n<link rel=\"canonical\" href=\"https:\/\/v\u00e4ikekopp.ee\/?product=graniitkillustik-0-4mm\" \/>\n<meta property=\"og:locale\" content=\"et_EE\" \/>\n<meta property=\"og:type\" content=\"article\" \/>\n<meta property=\"og:title\" content=\"Graniitkillustik 0-4mm\" \/>\n<meta property=\"og:description\" content=\"Graniitkillustik 0\u20134 mm. Peene fraktsiooniga graniitkillustik, mis sobib h\u00e4sti pindade tasandamiseks ja tihendamiseks. T\u00e4nu graniidi tugevusele ja ...\" \/>\n<meta property=\"og:url\" content=\"https:\/\/v\u00e4ikekopp.ee\/?product=graniitkillustik-0-4mm\" \/>\n<meta property=\"og:site_name\" content=\"V&auml;ikekopp\" \/>\n<meta property=\"article:modified_time\" content=\"2026-04-13T17:46:11+00:00\" \/>\n<meta property=\"og:image\" content=\"https:\/\/v\u00e4ikekopp.ee\/wp-content\/uploads\/2025\/09\/1.png\" \/>\n\t<meta property=\"og:image:width\" content=\"998\" \/>\n\t<meta property=\"og:image:height\" content=\"1002\" \/>\n\t<meta property=\"og:image:type\" content=\"image\/png\" \/>\n<meta name=\"twitter:card\" content=\"summary_large_image\" \/>\n<meta name=\"twitter:label1\" content=\"Est. reading time\" \/>\n\t<meta name=\"twitter:data1\" content=\"1 minut\" \/>\n<script type=\"application\/ld+json\" class=\"yoast-schema-graph\">{\"@context\":\"https:\/\/schema.org\",\"@graph\":[{\"@type\":\"WebPage\",\"@id\":\"https:\/\/v\u00e4ikekopp.ee\/?product=graniitkillustik-0-4mm\",\"url\":\"https:\/\/v\u00e4ikekopp.ee\/?product=graniitkillustik-0-4mm\",\"name\":\"Graniitkillustik 0-4mm\",\"isPartOf\":{\"@id\":\"https:\/\/v\u00e4ikekopp.ee\/#website\"},\"primaryImageOfPage\":{\"@id\":\"https:\/\/v\u00e4ikekopp.ee\/?product=graniitkillustik-0-4mm#primaryimage\"},\"image\":{\"@id\":\"https:\/\/v\u00e4ikekopp.ee\/?product=graniitkillustik-0-4mm#primaryimage\"},\"thumbnailUrl\":\"https:\/\/v\u00e4ikekopp.ee\/wp-content\/uploads\/2025\/09\/1.png\",\"datePublished\":\"2025-09-17T16:46:26+00:00\",\"dateModified\":\"2026-04-13T17:46:11+00:00\",\"description\":\"Graniitkillustik 0\u20134 mm. Peene fraktsiooniga graniitkillustik, mis sobib h\u00e4sti pindade tasandamiseks ja tihendamiseks. T\u00e4nu graniidi tugevusele ja ...\",\"breadcrumb\":{\"@id\":\"https:\/\/v\u00e4ikekopp.ee\/?product=graniitkillustik-0-4mm#breadcrumb\"},\"inLanguage\":\"et\",\"potentialAction\":[{\"@type\":\"ReadAction\",\"target\":[\"https:\/\/v\u00e4ikekopp.ee\/?product=graniitkillustik-0-4mm\"]}]},{\"@type\":\"ImageObject\",\"inLanguage\":\"et\",\"@id\":\"https:\/\/v\u00e4ikekopp.ee\/?product=graniitkillustik-0-4mm#primaryimage\",\"url\":\"https:\/\/v\u00e4ikekopp.ee\/wp-content\/uploads\/2025\/09\/1.png\",\"contentUrl\":\"https:\/\/v\u00e4ikekopp.ee\/wp-content\/uploads\/2025\/09\/1.png\",\"width\":998,\"height\":1002,\"caption\":\"graniitkillustik 4-16\"},{\"@type\":\"BreadcrumbList\",\"@id\":\"https:\/\/v\u00e4ikekopp.ee\/?product=graniitkillustik-0-4mm#breadcrumb\",\"itemListElement\":[{\"@type\":\"ListItem\",\"position\":1,\"name\":\"Home\",\"item\":\"https:\/\/v\u00e4ikekopp.ee\/\"},{\"@type\":\"ListItem\",\"position\":2,\"name\":\"Shop\",\"item\":\"https:\/\/v\u00e4ikekopp.ee\/?page_id=6\"},{\"@type\":\"ListItem\",\"position\":3,\"name\":\"Graniitkillustik 0-4mm\"}]},{\"@type\":\"WebSite\",\"@id\":\"https:\/\/v\u00e4ikekopp.ee\/#website\",\"url\":\"https:\/\/v\u00e4ikekopp.ee\/\",\"name\":\"V\u00e4ikekopp\",\"description\":\"v&auml;ikeekskavaator\",\"publisher\":{\"@id\":\"https:\/\/v\u00e4ikekopp.ee\/#organization\"},\"potentialAction\":[{\"@type\":\"SearchAction\",\"target\":{\"@type\":\"EntryPoint\",\"urlTemplate\":\"https:\/\/v\u00e4ikekopp.ee\/?s={search_term_string}\"},\"query-input\":{\"@type\":\"PropertyValueSpecification\",\"valueRequired\":true,\"valueName\":\"search_term_string\"}}],\"inLanguage\":\"et\"},{\"@type\":\"Organization\",\"@id\":\"https:\/\/v\u00e4ikekopp.ee\/#organization\",\"name\":\"V\u00e4ikekopp\",\"url\":\"https:\/\/v\u00e4ikekopp.ee\/\",\"logo\":{\"@type\":\"ImageObject\",\"inLanguage\":\"et\",\"@id\":\"https:\/\/v\u00e4ikekopp.ee\/#\/schema\/logo\/image\/\",\"url\":\"https:\/\/v\u00e4ikekopp.ee\/wp-content\/uploads\/2025\/06\/1-2.png\",\"contentUrl\":\"https:\/\/v\u00e4ikekopp.ee\/wp-content\/uploads\/2025\/06\/1-2.png\",\"width\":2000,\"height\":1400,\"caption\":\"V\u00e4ikekopp\"},\"image\":{\"@id\":\"https:\/\/v\u00e4ikekopp.ee\/#\/schema\/logo\/image\/\"}}]}<\/script>\n<!-- \/ Yoast SEO plugin. -->","yoast_head_json":{"title":"Graniitkillustik 0-4mm","description":"Graniitkillustik 0\u20134 mm. Peene fraktsiooniga graniitkillustik, mis sobib h\u00e4sti pindade tasandamiseks ja tihendamiseks. T\u00e4nu graniidi tugevusele ja ...","robots":{"index":"index","follow":"follow","max-snippet":"max-snippet:-1","max-image-preview":"max-image-preview:large","max-video-preview":"max-video-preview:-1"},"canonical":"https:\/\/v\u00e4ikekopp.ee\/?product=graniitkillustik-0-4mm","og_locale":"et_EE","og_type":"article","og_title":"Graniitkillustik 0-4mm","og_description":"Graniitkillustik 0\u20134 mm. Peene fraktsiooniga graniitkillustik, mis sobib h\u00e4sti pindade tasandamiseks ja tihendamiseks. T\u00e4nu graniidi tugevusele ja ...","og_url":"https:\/\/v\u00e4ikekopp.ee\/?product=graniitkillustik-0-4mm","og_site_name":"V&auml;ikekopp","article_modified_time":"2026-04-13T17:46:11+00:00","og_image":[{"width":998,"height":1002,"url":"https:\/\/v\u00e4ikekopp.ee\/wp-content\/uploads\/2025\/09\/1.png","type":"image\/png"}],"twitter_card":"summary_large_image","twitter_misc":{"Est. reading time":"1 minut"},"schema":{"@context":"https:\/\/schema.org","@graph":[{"@type":"WebPage","@id":"https:\/\/v\u00e4ikekopp.ee\/?product=graniitkillustik-0-4mm","url":"https:\/\/v\u00e4ikekopp.ee\/?product=graniitkillustik-0-4mm","name":"Graniitkillustik 0-4mm","isPartOf":{"@id":"https:\/\/v\u00e4ikekopp.ee\/#website"},"primaryImageOfPage":{"@id":"https:\/\/v\u00e4ikekopp.ee\/?product=graniitkillustik-0-4mm#primaryimage"},"image":{"@id":"https:\/\/v\u00e4ikekopp.ee\/?product=graniitkillustik-0-4mm#primaryimage"},"thumbnailUrl":"https:\/\/v\u00e4ikekopp.ee\/wp-content\/uploads\/2025\/09\/1.png","datePublished":"2025-09-17T16:46:26+00:00","dateModified":"2026-04-13T17:46:11+00:00","description":"Graniitkillustik 0\u20134 mm. Peene fraktsiooniga graniitkillustik, mis sobib h\u00e4sti pindade tasandamiseks ja tihendamiseks. T\u00e4nu graniidi tugevusele ja ...","breadcrumb":{"@id":"https:\/\/v\u00e4ikekopp.ee\/?product=graniitkillustik-0-4mm#breadcrumb"},"inLanguage":"et","potentialAction":[{"@type":"ReadAction","target":["https:\/\/v\u00e4ikekopp.ee\/?product=graniitkillustik-0-4mm"]}]},{"@type":"ImageObject","inLanguage":"et","@id":"https:\/\/v\u00e4ikekopp.ee\/?product=graniitkillustik-0-4mm#primaryimage","url":"https:\/\/v\u00e4ikekopp.ee\/wp-content\/uploads\/2025\/09\/1.png","contentUrl":"https:\/\/v\u00e4ikekopp.ee\/wp-content\/uploads\/2025\/09\/1.png","width":998,"height":1002,"caption":"graniitkillustik 4-16"},{"@type":"BreadcrumbList","@id":"https:\/\/v\u00e4ikekopp.ee\/?product=graniitkillustik-0-4mm#breadcrumb","itemListElement":[{"@type":"ListItem","position":1,"name":"Home","item":"https:\/\/v\u00e4ikekopp.ee\/"},{"@type":"ListItem","position":2,"name":"Shop","item":"https:\/\/v\u00e4ikekopp.ee\/?page_id=6"},{"@type":"ListItem","position":3,"name":"Graniitkillustik 0-4mm"}]},{"@type":"WebSite","@id":"https:\/\/v\u00e4ikekopp.ee\/#website","url":"https:\/\/v\u00e4ikekopp.ee\/","name":"V\u00e4ikekopp","description":"v&auml;ikeekskavaator","publisher":{"@id":"https:\/\/v\u00e4ikekopp.ee\/#organization"},"potentialAction":[{"@type":"SearchAction","target":{"@type":"EntryPoint","urlTemplate":"https:\/\/v\u00e4ikekopp.ee\/?s={search_term_string}"},"query-input":{"@type":"PropertyValueSpecification","valueRequired":true,"valueName":"search_term_string"}}],"inLanguage":"et"},{"@type":"Organization","@id":"https:\/\/v\u00e4ikekopp.ee\/#organization","name":"V\u00e4ikekopp","url":"https:\/\/v\u00e4ikekopp.ee\/","logo":{"@type":"ImageObject","inLanguage":"et","@id":"https:\/\/v\u00e4ikekopp.ee\/#\/schema\/logo\/image\/","url":"https:\/\/v\u00e4ikekopp.ee\/wp-content\/uploads\/2025\/06\/1-2.png","contentUrl":"https:\/\/v\u00e4ikekopp.ee\/wp-content\/uploads\/2025\/06\/1-2.png","width":2000,"height":1400,"caption":"V\u00e4ikekopp"},"image":{"@id":"https:\/\/v\u00e4ikekopp.ee\/#\/schema\/logo\/image\/"}}]}},"_links":{"self":[{"href":"https:\/\/v\u00e4ikekopp.ee\/index.php?rest_route=\/wp\/v2\/product\/2374","targetHints":{"allow":["GET"]}}],"collection":[{"href":"https:\/\/v\u00e4ikekopp.ee\/index.php?rest_route=\/wp\/v2\/product"}],"about":[{"href":"https:\/\/v\u00e4ikekopp.ee\/index.php?rest_route=\/wp\/v2\/types\/product"}],"replies":[{"embeddable":true,"href":"https:\/\/v\u00e4ikekopp.ee\/index.php?rest_route=%2Fwp%2Fv2%2Fcomments&post=2374"}],"wp:featuredmedia":[{"embeddable":true,"href":"https:\/\/v\u00e4ikekopp.ee\/index.php?rest_route=\/wp\/v2\/media\/2393"}],"wp:attachment":[{"href":"https:\/\/v\u00e4ikekopp.ee\/index.php?rest_route=%2Fwp%2Fv2%2Fmedia&parent=2374"}],"wp:term":[{"taxonomy":"product_brand","embeddable":true,"href":"https:\/\/v\u00e4ikekopp.ee\/index.php?rest_route=%2Fwp%2Fv2%2Fproduct_brand&post=2374"},{"taxonomy":"product_cat","embeddable":true,"href":"https:\/\/v\u00e4ikekopp.ee\/index.php?rest_route=%2Fwp%2Fv2%2Fproduct_cat&post=2374"},{"taxonomy":"product_tag","embeddable":true,"href":"https:\/\/v\u00e4ikekopp.ee\/index.php?rest_route=%2Fwp%2Fv2%2Fproduct_tag&post=2374"}],"curies":[{"name":"wp","href":"https:\/\/api.w.org\/{rel}","templated":true}]}}